{"id":12,"date":"2025-08-12T11:58:25","date_gmt":"2025-08-12T11:58:25","guid":{"rendered":"https:\/\/gondolapro.app\/?page_id=12"},"modified":"2025-08-18T20:21:59","modified_gmt":"2025-08-18T20:21:59","slug":"privacy-policy","status":"publish","type":"page","link":"https:\/\/gondolapro.app\/home\/privacy-policy\/","title":{"rendered":"Pol\u00edtica de Privacidade"},"content":{"rendered":"\t\t<div data-elementor-type=\"wp-page\" data-elementor-id=\"12\" class=\"elementor elementor-12\" data-elementor-post-type=\"page\">\n\t\t\t\t<div class=\"elementor-element elementor-element-05f4da4 e-flex e-con-boxed e-con e-parent\" data-id=\"05f4da4\" data-element_type=\"container\" data-e-type=\"container\">\n\t\t\t\t\t<div class=\"e-con-inner\">\n\t\t\t\t<div class=\"elementor-element elementor-element-f2d55b5 elementor-widget elementor-widget-spacer\" data-id=\"f2d55b5\" data-element_type=\"widget\" data-e-type=\"widget\" data-widget_type=\"spacer.default\">\n\t\t\t\t\t\t\t<div class=\"elementor-spacer\">\n\t\t\t<div class=\"elementor-spacer-inner\"><\/div>\n\t\t<\/div>\n\t\t\t\t\t\t<\/div>\n\t\t<div class=\"elementor-element elementor-element-748b499 e-con-full e-flex e-con e-child\" data-id=\"748b499\" data-element_type=\"container\" data-e-type=\"container\" data-settings=\"{&quot;background_background&quot;:&quot;classic&quot;}\">\n\t\t\t\t<div class=\"elementor-element elementor-element-198426f elementor-widget elementor-widget-heading\" data-id=\"198426f\" data-element_type=\"widget\" data-e-type=\"widget\" data-widget_type=\"heading.default\">\n\t\t\t\t\t<h1 class=\"elementor-heading-title elementor-size-default\">Pol\u00edtica de Privacidade<\/h1>\t\t\t\t<\/div>\n\t\t\t\t<div class=\"elementor-element elementor-element-0606bb2 elementor-widget elementor-widget-text-editor\" data-id=\"0606bb2\" data-element_type=\"widget\" data-e-type=\"widget\" data-widget_type=\"text-editor.default\">\n\t\t\t\t\t\t\t\t\t<p class=\"p1\">Esta Pol\u00edtica de Privacidade descreve como o aplicativo\u00a0<b>GondolaPro<\/b>\u00a0coleta, usa e protege as informa\u00e7\u00f5es dos usu\u00e1rios.<\/p><p class=\"p1\">Informa\u00e7\u00f5es Coletadas<\/p><p class=\"p2\">O aplicativo\u00a0<b>GondolaPro<\/b>\u00a0pode coletar as seguintes informa\u00e7\u00f5es ao ser utilizado:<\/p>\t\t\t\t\t\t\t\t<\/div>\n\t\t\t\t<div class=\"elementor-element elementor-element-751c42c elementor-widget elementor-widget-heading\" data-id=\"751c42c\" data-element_type=\"widget\" data-e-type=\"widget\" data-widget_type=\"heading.default\">\n\t\t\t\t\t<h2 class=\"elementor-heading-title elementor-size-default\">C\u00e2mera:<\/h2>\t\t\t\t<\/div>\n\t\t\t\t<div class=\"elementor-element elementor-element-0073f6b elementor-widget elementor-widget-text-editor\" data-id=\"0073f6b\" data-element_type=\"widget\" data-e-type=\"widget\" data-widget_type=\"text-editor.default\">\n\t\t\t\t\t\t\t\t\t<ul class=\"ul1\"><li class=\"li1\">Ler QR Codes;<\/li><li class=\"li1\">Tirar fotos que s\u00e3o salvas no aplicativo ou comparadas com outras imagens previamente armazenadas.<\/li><\/ul>\t\t\t\t\t\t\t\t<\/div>\n\t\t\t\t<div class=\"elementor-element elementor-element-6526b79 elementor-widget elementor-widget-heading\" data-id=\"6526b79\" data-element_type=\"widget\" data-e-type=\"widget\" data-widget_type=\"heading.default\">\n\t\t\t\t\t<h2 class=\"elementor-heading-title elementor-size-default\">Internet:<\/h2>\t\t\t\t<\/div>\n\t\t\t\t<div class=\"elementor-element elementor-element-e9c2181 elementor-widget elementor-widget-text-editor\" data-id=\"e9c2181\" data-element_type=\"widget\" data-e-type=\"widget\" data-widget_type=\"text-editor.default\">\n\t\t\t\t\t\t\t\t\t<ul class=\"ul1\"><li class=\"li1\"><p class=\"p1\">Acesso \u00e0 internet \u00e9 necess\u00e1rio para realizar requisi\u00e7\u00f5es \u00e0 API e carregar imagens salvas no aplicativo.<\/p><\/li><\/ul>\t\t\t\t\t\t\t\t<\/div>\n\t\t\t\t<div class=\"elementor-element elementor-element-4f231d9 elementor-widget elementor-widget-heading\" data-id=\"4f231d9\" data-element_type=\"widget\" data-e-type=\"widget\" data-widget_type=\"heading.default\">\n\t\t\t\t\t<h2 class=\"elementor-heading-title elementor-size-default\">Notifica\u00e7\u00f5es:<\/h2>\t\t\t\t<\/div>\n\t\t\t\t<div class=\"elementor-element elementor-element-155cdaa elementor-widget elementor-widget-text-editor\" data-id=\"155cdaa\" data-element_type=\"widget\" data-e-type=\"widget\" data-widget_type=\"text-editor.default\">\n\t\t\t\t\t\t\t\t\t<ul class=\"ul1\"><li class=\"li1\"><p class=\"p1\">Enviamos notifica\u00e7\u00f5es para informar o usu\u00e1rio sobre mudan\u00e7as relevantes relacionadas \u00e0 sua conta e atualizar o contexto do uso do aplicativo.<\/p><\/li><\/ul>\t\t\t\t\t\t\t\t<\/div>\n\t\t\t\t<div class=\"elementor-element elementor-element-2ad5db0 elementor-widget elementor-widget-heading\" data-id=\"2ad5db0\" data-element_type=\"widget\" data-e-type=\"widget\" data-widget_type=\"heading.default\">\n\t\t\t\t\t<h2 class=\"elementor-heading-title elementor-size-default\">Uso das Informa\u00e7\u00f5es:<\/h2>\t\t\t\t<\/div>\n\t\t\t\t<div class=\"elementor-element elementor-element-bb4247f elementor-widget elementor-widget-text-editor\" data-id=\"bb4247f\" data-element_type=\"widget\" data-e-type=\"widget\" data-widget_type=\"text-editor.default\">\n\t\t\t\t\t\t\t\t\t<p class=\"p1\">As informa\u00e7\u00f5es coletadas s\u00e3o utilizadas exclusivamente para fornecer os recursos e funcionalidades do aplicativo, como:<\/p><ul class=\"ul1\"><li class=\"li1\">Identifica\u00e7\u00e3o de produtos ou itens por meio de QR Codes;<\/li><li class=\"li1\">Armazenamento e compara\u00e7\u00e3o de imagens;<\/li><li class=\"li1\">Comunica\u00e7\u00e3o em tempo real com a plataforma por meio de notifica\u00e7\u00f5es e atualiza\u00e7\u00f5es via internet.<\/li><\/ul>\t\t\t\t\t\t\t\t<\/div>\n\t\t\t\t<div class=\"elementor-element elementor-element-95c1e25 elementor-widget elementor-widget-heading\" data-id=\"95c1e25\" data-element_type=\"widget\" data-e-type=\"widget\" data-widget_type=\"heading.default\">\n\t\t\t\t\t<h2 class=\"elementor-heading-title elementor-size-default\">Compartilhamento de Dados:<\/h2>\t\t\t\t<\/div>\n\t\t\t\t<div class=\"elementor-element elementor-element-b01aa52 elementor-widget elementor-widget-text-editor\" data-id=\"b01aa52\" data-element_type=\"widget\" data-e-type=\"widget\" data-widget_type=\"text-editor.default\">\n\t\t\t\t\t\t\t\t\t<p class=\"p1\">O aplicativo\u00a0<b>n\u00e3o compartilha<\/b>\u00a0informa\u00e7\u00f5es pessoais ou imagens com terceiros, exceto quando necess\u00e1rio para o funcionamento do servi\u00e7o, como comunica\u00e7\u00e3o com servidores da pr\u00f3pria aplica\u00e7\u00e3o.<\/p>\t\t\t\t\t\t\t\t<\/div>\n\t\t\t\t<div class=\"elementor-element elementor-element-e8f5082 elementor-widget elementor-widget-heading\" data-id=\"e8f5082\" data-element_type=\"widget\" data-e-type=\"widget\" data-widget_type=\"heading.default\">\n\t\t\t\t\t<h2 class=\"elementor-heading-title elementor-size-default\">Armazenamento e Seguran\u00e7a:<\/h2>\t\t\t\t<\/div>\n\t\t\t\t<div class=\"elementor-element elementor-element-6c99982 elementor-widget elementor-widget-text-editor\" data-id=\"6c99982\" data-element_type=\"widget\" data-e-type=\"widget\" data-widget_type=\"text-editor.default\">\n\t\t\t\t\t\t\t\t\t<p class=\"p1\">As informa\u00e7\u00f5es s\u00e3o armazenadas com medidas de seguran\u00e7a apropriadas para proteger contra acesso n\u00e3o autorizado, modifica\u00e7\u00e3o ou divulga\u00e7\u00e3o.<\/p>\t\t\t\t\t\t\t\t<\/div>\n\t\t\t\t<div class=\"elementor-element elementor-element-19d80f3 elementor-widget elementor-widget-heading\" data-id=\"19d80f3\" data-element_type=\"widget\" data-e-type=\"widget\" data-widget_type=\"heading.default\">\n\t\t\t\t\t<h2 class=\"elementor-heading-title elementor-size-default\">Consentimento:<\/h2>\t\t\t\t<\/div>\n\t\t\t\t<div class=\"elementor-element elementor-element-fa60f91 elementor-widget elementor-widget-text-editor\" data-id=\"fa60f91\" data-element_type=\"widget\" data-e-type=\"widget\" data-widget_type=\"text-editor.default\">\n\t\t\t\t\t\t\t\t\t<p class=\"p1\">Ao utilizar o\u00a0<b>GondolaPro<\/b>, voc\u00ea concorda com esta Pol\u00edtica de Privacidade e autoriza o uso das permiss\u00f5es mencionadas para fins descritos acima.<\/p>\t\t\t\t\t\t\t\t<\/div>\n\t\t\t\t<div class=\"elementor-element elementor-element-8245ac8 elementor-widget elementor-widget-heading\" data-id=\"8245ac8\" data-element_type=\"widget\" data-e-type=\"widget\" data-widget_type=\"heading.default\">\n\t\t\t\t\t<h2 class=\"elementor-heading-title elementor-size-default\">Altera\u00e7\u00f5es nesta Pol\u00edtica:<\/h2>\t\t\t\t<\/div>\n\t\t\t\t<div class=\"elementor-element elementor-element-4c42e95 elementor-widget elementor-widget-text-editor\" data-id=\"4c42e95\" data-element_type=\"widget\" data-e-type=\"widget\" data-widget_type=\"text-editor.default\">\n\t\t\t\t\t\t\t\t\t<p class=\"p1\">Podemos atualizar esta pol\u00edtica periodicamente. Quaisquer altera\u00e7\u00f5es ser\u00e3o informadas dentro do pr\u00f3prio aplicativo ou atrav\u00e9s de canais oficiais.<\/p>\t\t\t\t\t\t\t\t<\/div>\n\t\t\t\t<div class=\"elementor-element elementor-element-a53a226 elementor-widget elementor-widget-heading\" data-id=\"a53a226\" data-element_type=\"widget\" data-e-type=\"widget\" data-widget_type=\"heading.default\">\n\t\t\t\t\t<h2 class=\"elementor-heading-title elementor-size-default\">Contato:<\/h2>\t\t\t\t<\/div>\n\t\t\t\t<div class=\"elementor-element elementor-element-7df3125 elementor-widget elementor-widget-text-editor\" data-id=\"7df3125\" data-element_type=\"widget\" data-e-type=\"widget\" data-widget_type=\"text-editor.default\">\n\t\t\t\t\t\t\t\t\t<p class=\"p1\">Se voc\u00ea tiver qualquer d\u00favida sobre esta Pol\u00edtica de Privacidade, entre em contato com nossa equipe pelo e-mail:\u00a0<span class=\"s1\"><b>info@gondolapro.com<\/b><\/span><\/p>\t\t\t\t\t\t\t\t<\/div>\n\t\t\t\t<\/div>\n\t\t\t\t\t<\/div>\n\t\t\t\t<\/div>\n\t\t\t\t<\/div>\n\t\t","protected":false},"excerpt":{"rendered":"<p>Pol\u00edtica de Privacidade Esta Pol\u00edtica de Privacidade descreve como o aplicativo\u00a0GondolaPro\u00a0coleta, usa e protege as informa\u00e7\u00f5es dos usu\u00e1rios. Informa\u00e7\u00f5es Coletadas O aplicativo\u00a0GondolaPro\u00a0pode coletar as seguintes informa\u00e7\u00f5es ao ser utilizado: C\u00e2mera: Ler QR Codes; Tirar fotos que s\u00e3o salvas no aplicativo ou comparadas com outras imagens previamente armazenadas. Internet: Acesso \u00e0 internet \u00e9 necess\u00e1rio para realizar [&hellip;]<\/p>\n","protected":false},"author":1,"featured_media":0,"parent":0,"menu_order":0,"comment_status":"closed","ping_status":"closed","template":"elementor_header_footer","meta":{"footnotes":""},"class_list":["post-12","page","type-page","status-publish","hentry"],"_links":{"self":[{"href":"https:\/\/gondolapro.app\/home\/wp-json\/wp\/v2\/pages\/12","targetHints":{"allow":["GET"]}}],"collection":[{"href":"https:\/\/gondolapro.app\/home\/wp-json\/wp\/v2\/pages"}],"about":[{"href":"https:\/\/gondolapro.app\/home\/wp-json\/wp\/v2\/types\/page"}],"author":[{"embeddable":true,"href":"https:\/\/gondolapro.app\/home\/wp-json\/wp\/v2\/users\/1"}],"replies":[{"embeddable":true,"href":"https:\/\/gondolapro.app\/home\/wp-json\/wp\/v2\/comments?post=12"}],"version-history":[{"count":40,"href":"https:\/\/gondolapro.app\/home\/wp-json\/wp\/v2\/pages\/12\/revisions"}],"predecessor-version":[{"id":81,"href":"https:\/\/gondolapro.app\/home\/wp-json\/wp\/v2\/pages\/12\/revisions\/81"}],"wp:attachment":[{"href":"https:\/\/gondolapro.app\/home\/wp-json\/wp\/v2\/media?parent=12"}],"curies":[{"name":"wp","href":"https:\/\/api.w.org\/{rel}","templated":true}]}}